{"id":2854,"date":"2023-11-13T12:11:50","date_gmt":"2023-11-13T11:11:50","guid":{"rendered":"https:\/\/instantproces.com\/pagina-de-gracies\/"},"modified":"2023-11-14T12:43:13","modified_gmt":"2023-11-14T11:43:13","slug":"pagina-de-gracies","status":"publish","type":"page","link":"https:\/\/instantproces.com\/ca\/pagina-de-gracies\/","title":{"rendered":"P\u00e0gina de gr\u00e0cies"},"content":{"rendered":"\t\t<div data-elementor-type=\"wp-page\" data-elementor-id=\"2854\" class=\"elementor elementor-2854 elementor-2537\" data-elementor-post-type=\"page\">\n\t\t\t\t<div class=\"elementor-element elementor-element-1de948d e-con-full e-flex e-con e-parent\" data-id=\"1de948d\" data-element_type=\"container\" data-core-v316-plus=\"true\">\n\t\t<div class=\"elementor-element elementor-element-05f57e5 e-flex e-con-boxed e-con e-child\" data-id=\"05f57e5\" data-element_type=\"container\" data-settings=\"{&quot;background_background&quot;:&quot;classic&quot;}\">\n\t\t\t\t\t<div class=\"e-con-inner\">\n\t\t<div class=\"elementor-element elementor-element-24706e7 e-grid e-con-full e-con e-child\" data-id=\"24706e7\" data-element_type=\"container\" data-settings=\"{&quot;background_background&quot;:&quot;classic&quot;}\">\n\t\t<div class=\"elementor-element elementor-element-f01957a e-con-full e-flex e-con e-child\" data-id=\"f01957a\" data-element_type=\"container\">\n\t\t\t\t<div class=\"elementor-element elementor-element-f78c4e4 elementor-widget elementor-widget-heading\" data-id=\"f78c4e4\" data-element_type=\"widget\" data-widget_type=\"heading.default\">\n\t\t\t\t<div class=\"elementor-widget-container\">\n\t\t\t<style>\/*! elementor - v3.20.0 - 26-03-2024 *\/\n.elementor-heading-title{padding:0;margin:0;line-height:1}.elementor-widget-heading .elementor-heading-title[class*=elementor-size-]>a{color:inherit;font-size:inherit;line-height:inherit}.elementor-widget-heading .elementor-heading-title.elementor-size-small{font-size:15px}.elementor-widget-heading .elementor-heading-title.elementor-size-medium{font-size:19px}.elementor-widget-heading .elementor-heading-title.elementor-size-large{font-size:29px}.elementor-widget-heading .elementor-heading-title.elementor-size-xl{font-size:39px}.elementor-widget-heading .elementor-heading-title.elementor-size-xxl{font-size:59px}<\/style><h1 class=\"elementor-heading-title elementor-size-default\">Gr\u00e0cies, per contactar amb nosaltres, aviat ens posarem en contacte amb tu<\/h1>\t\t<\/div>\n\t\t\t\t<\/div>\n\t\t\t\t<div class=\"elementor-element elementor-element-f413bf4 elementor-align-center elementor-widget elementor-widget-button\" data-id=\"f413bf4\" data-element_type=\"widget\" data-widget_type=\"button.default\">\n\t\t\t\t<div class=\"elementor-widget-container\">\n\t\t\t\t\t<div class=\"elementor-button-wrapper\">\n\t\t\t<a class=\"elementor-button elementor-button-link elementor-size-sm\" href=\"https:\/\/instantproces.com\/ca\/\">\n\t\t\t\t\t\t<span class=\"elementor-button-content-wrapper\">\n\t\t\t\t\t\t<span class=\"elementor-button-text\">Tornar a l'inici<\/span>\n\t\t<\/span>\n\t\t\t\t\t<\/a>\n\t\t<\/div>\n\t\t\t\t<\/div>\n\t\t\t\t<\/div>\n\t\t\t\t<\/div>\n\t\t\t\t<\/div>\n\t\t\t\t\t<\/div>\n\t\t\t\t<\/div>\n\t\t\t\t<\/div>\n\t\t\t\t<\/div>\n\t\t","protected":false},"excerpt":{"rendered":"<p>Tornar a l&#8217;inici<\/p>\n","protected":false},"author":3,"featured_media":2083,"parent":0,"menu_order":0,"comment_status":"closed","ping_status":"closed","template":"elementor_header_footer","meta":{"footnotes":""},"class_list":["post-2854","page","type-page","status-publish","has-post-thumbnail","hentry"],"yoast_head":"<!-- This site is optimized with the Yoast SEO plugin v22.3 - https:\/\/yoast.com\/wordpress\/plugins\/seo\/ -->\n<title>P\u00e0gina de gr\u00e0cies - instantproces.eu<\/title>\n<meta name=\"description\" content=\"P\u00e0gina de Gr\u00e0cies. Gr\u00e0cies per considerar-nos per a les teves necessitats nutricionals i de fabricaci\u00f3\" \/>\n<meta name=\"robots\" content=\"noindex, follow, max-snippet:-1, max-image-preview:large, max-video-preview:-1\" \/>\n<meta property=\"og:locale\" content=\"ca_ES\" \/>\n<meta property=\"og:type\" content=\"article\" \/>\n<meta property=\"og:title\" content=\"P\u00e0gina de gr\u00e0cies - instantproces.eu\" \/>\n<meta property=\"og:description\" content=\"P\u00e0gina de Gr\u00e0cies. Gr\u00e0cies per considerar-nos per a les teves necessitats nutricionals i de fabricaci\u00f3\" \/>\n<meta property=\"og:url\" content=\"https:\/\/instantproces.com\/ca\/pagina-de-gracies\/\" \/>\n<meta property=\"og:site_name\" content=\"instantproces.eu\" \/>\n<meta property=\"article:modified_time\" content=\"2023-11-14T11:43:13+00:00\" \/>\n<meta property=\"og:image\" content=\"https:\/\/instantproces.com\/wp-content\/uploads\/2023\/10\/Fabricacion-Instant-Proces-2.jpg\" \/>\n\t<meta property=\"og:image:width\" content=\"1024\" \/>\n\t<meta property=\"og:image:height\" content=\"1024\" \/>\n\t<meta property=\"og:image:type\" content=\"image\/jpeg\" \/>\n<meta name=\"twitter:card\" content=\"summary_large_image\" \/>\n<script type=\"application\/ld+json\" class=\"yoast-schema-graph\">{\"@context\":\"https:\/\/schema.org\",\"@graph\":[{\"@type\":\"WebPage\",\"@id\":\"https:\/\/instantproces.com\/ca\/pagina-de-gracies\/\",\"url\":\"https:\/\/instantproces.com\/ca\/pagina-de-gracies\/\",\"name\":\"P\u00e0gina de gr\u00e0cies - instantproces.eu\",\"isPartOf\":{\"@id\":\"https:\/\/instantproces.com\/ca\/#website\"},\"primaryImageOfPage\":{\"@id\":\"https:\/\/instantproces.com\/ca\/pagina-de-gracies\/#primaryimage\"},\"image\":{\"@id\":\"https:\/\/instantproces.com\/ca\/pagina-de-gracies\/#primaryimage\"},\"thumbnailUrl\":\"https:\/\/instantproces.com\/wp-content\/uploads\/2023\/10\/Fabricacion-Instant-Proces-2.jpg\",\"datePublished\":\"2023-11-13T11:11:50+00:00\",\"dateModified\":\"2023-11-14T11:43:13+00:00\",\"description\":\"P\u00e0gina de Gr\u00e0cies. Gr\u00e0cies per considerar-nos per a les teves necessitats nutricionals i de fabricaci\u00f3\",\"breadcrumb\":{\"@id\":\"https:\/\/instantproces.com\/ca\/pagina-de-gracies\/#breadcrumb\"},\"inLanguage\":\"ca\",\"potentialAction\":[{\"@type\":\"ReadAction\",\"target\":[\"https:\/\/instantproces.com\/ca\/pagina-de-gracies\/\"]}]},{\"@type\":\"ImageObject\",\"inLanguage\":\"ca\",\"@id\":\"https:\/\/instantproces.com\/ca\/pagina-de-gracies\/#primaryimage\",\"url\":\"https:\/\/instantproces.com\/wp-content\/uploads\/2023\/10\/Fabricacion-Instant-Proces-2.jpg\",\"contentUrl\":\"https:\/\/instantproces.com\/wp-content\/uploads\/2023\/10\/Fabricacion-Instant-Proces-2.jpg\",\"width\":1024,\"height\":1024,\"caption\":\"Instant Proces P\u00e1gina de Gracias. Gracias por contactar con nosotros.\"},{\"@type\":\"BreadcrumbList\",\"@id\":\"https:\/\/instantproces.com\/ca\/pagina-de-gracies\/#breadcrumb\",\"itemListElement\":[{\"@type\":\"ListItem\",\"position\":1,\"name\":\"Portada\",\"item\":\"https:\/\/instantproces.com\/ca\/\"},{\"@type\":\"ListItem\",\"position\":2,\"name\":\"P\u00e0gina de gr\u00e0cies\"}]},{\"@type\":\"WebSite\",\"@id\":\"https:\/\/instantproces.com\/ca\/#website\",\"url\":\"https:\/\/instantproces.com\/ca\/\",\"name\":\"instantproces.eu\",\"description\":\"\",\"publisher\":{\"@id\":\"https:\/\/instantproces.com\/ca\/#organization\"},\"potentialAction\":[{\"@type\":\"SearchAction\",\"target\":{\"@type\":\"EntryPoint\",\"urlTemplate\":\"https:\/\/instantproces.com\/ca\/?s={search_term_string}\"},\"query-input\":\"required name=search_term_string\"}],\"inLanguage\":\"ca\"},{\"@type\":\"Organization\",\"@id\":\"https:\/\/instantproces.com\/ca\/#organization\",\"name\":\"instantproces.eu\",\"url\":\"https:\/\/instantproces.com\/ca\/\",\"logo\":{\"@type\":\"ImageObject\",\"inLanguage\":\"ca\",\"@id\":\"https:\/\/instantproces.com\/ca\/#\/schema\/logo\/image\/\",\"url\":\"https:\/\/instantproces.com\/wp-content\/uploads\/2023\/10\/logotest.png\",\"contentUrl\":\"https:\/\/instantproces.com\/wp-content\/uploads\/2023\/10\/logotest.png\",\"width\":1500,\"height\":354,\"caption\":\"instantproces.eu\"},\"image\":{\"@id\":\"https:\/\/instantproces.com\/ca\/#\/schema\/logo\/image\/\"}}]}<\/script>\n<!-- \/ Yoast SEO plugin. -->","yoast_head_json":{"title":"P\u00e0gina de gr\u00e0cies - instantproces.eu","description":"P\u00e0gina de Gr\u00e0cies. Gr\u00e0cies per considerar-nos per a les teves necessitats nutricionals i de fabricaci\u00f3","robots":{"index":"noindex","follow":"follow","max-snippet":"max-snippet:-1","max-image-preview":"max-image-preview:large","max-video-preview":"max-video-preview:-1"},"og_locale":"ca_ES","og_type":"article","og_title":"P\u00e0gina de gr\u00e0cies - instantproces.eu","og_description":"P\u00e0gina de Gr\u00e0cies. Gr\u00e0cies per considerar-nos per a les teves necessitats nutricionals i de fabricaci\u00f3","og_url":"https:\/\/instantproces.com\/ca\/pagina-de-gracies\/","og_site_name":"instantproces.eu","article_modified_time":"2023-11-14T11:43:13+00:00","og_image":[{"width":1024,"height":1024,"url":"https:\/\/instantproces.com\/wp-content\/uploads\/2023\/10\/Fabricacion-Instant-Proces-2.jpg","type":"image\/jpeg"}],"twitter_card":"summary_large_image","schema":{"@context":"https:\/\/schema.org","@graph":[{"@type":"WebPage","@id":"https:\/\/instantproces.com\/ca\/pagina-de-gracies\/","url":"https:\/\/instantproces.com\/ca\/pagina-de-gracies\/","name":"P\u00e0gina de gr\u00e0cies - instantproces.eu","isPartOf":{"@id":"https:\/\/instantproces.com\/ca\/#website"},"primaryImageOfPage":{"@id":"https:\/\/instantproces.com\/ca\/pagina-de-gracies\/#primaryimage"},"image":{"@id":"https:\/\/instantproces.com\/ca\/pagina-de-gracies\/#primaryimage"},"thumbnailUrl":"https:\/\/instantproces.com\/wp-content\/uploads\/2023\/10\/Fabricacion-Instant-Proces-2.jpg","datePublished":"2023-11-13T11:11:50+00:00","dateModified":"2023-11-14T11:43:13+00:00","description":"P\u00e0gina de Gr\u00e0cies. Gr\u00e0cies per considerar-nos per a les teves necessitats nutricionals i de fabricaci\u00f3","breadcrumb":{"@id":"https:\/\/instantproces.com\/ca\/pagina-de-gracies\/#breadcrumb"},"inLanguage":"ca","potentialAction":[{"@type":"ReadAction","target":["https:\/\/instantproces.com\/ca\/pagina-de-gracies\/"]}]},{"@type":"ImageObject","inLanguage":"ca","@id":"https:\/\/instantproces.com\/ca\/pagina-de-gracies\/#primaryimage","url":"https:\/\/instantproces.com\/wp-content\/uploads\/2023\/10\/Fabricacion-Instant-Proces-2.jpg","contentUrl":"https:\/\/instantproces.com\/wp-content\/uploads\/2023\/10\/Fabricacion-Instant-Proces-2.jpg","width":1024,"height":1024,"caption":"Instant Proces P\u00e1gina de Gracias. Gracias por contactar con nosotros."},{"@type":"BreadcrumbList","@id":"https:\/\/instantproces.com\/ca\/pagina-de-gracies\/#breadcrumb","itemListElement":[{"@type":"ListItem","position":1,"name":"Portada","item":"https:\/\/instantproces.com\/ca\/"},{"@type":"ListItem","position":2,"name":"P\u00e0gina de gr\u00e0cies"}]},{"@type":"WebSite","@id":"https:\/\/instantproces.com\/ca\/#website","url":"https:\/\/instantproces.com\/ca\/","name":"instantproces.eu","description":"","publisher":{"@id":"https:\/\/instantproces.com\/ca\/#organization"},"potentialAction":[{"@type":"SearchAction","target":{"@type":"EntryPoint","urlTemplate":"https:\/\/instantproces.com\/ca\/?s={search_term_string}"},"query-input":"required name=search_term_string"}],"inLanguage":"ca"},{"@type":"Organization","@id":"https:\/\/instantproces.com\/ca\/#organization","name":"instantproces.eu","url":"https:\/\/instantproces.com\/ca\/","logo":{"@type":"ImageObject","inLanguage":"ca","@id":"https:\/\/instantproces.com\/ca\/#\/schema\/logo\/image\/","url":"https:\/\/instantproces.com\/wp-content\/uploads\/2023\/10\/logotest.png","contentUrl":"https:\/\/instantproces.com\/wp-content\/uploads\/2023\/10\/logotest.png","width":1500,"height":354,"caption":"instantproces.eu"},"image":{"@id":"https:\/\/instantproces.com\/ca\/#\/schema\/logo\/image\/"}}]}},"_links":{"self":[{"href":"https:\/\/instantproces.com\/ca\/wp-json\/wp\/v2\/pages\/2854","targetHints":{"allow":["GET"]}}],"collection":[{"href":"https:\/\/instantproces.com\/ca\/wp-json\/wp\/v2\/pages"}],"about":[{"href":"https:\/\/instantproces.com\/ca\/wp-json\/wp\/v2\/types\/page"}],"author":[{"embeddable":true,"href":"https:\/\/instantproces.com\/ca\/wp-json\/wp\/v2\/users\/3"}],"replies":[{"embeddable":true,"href":"https:\/\/instantproces.com\/ca\/wp-json\/wp\/v2\/comments?post=2854"}],"version-history":[{"count":2,"href":"https:\/\/instantproces.com\/ca\/wp-json\/wp\/v2\/pages\/2854\/revisions"}],"predecessor-version":[{"id":3012,"href":"https:\/\/instantproces.com\/ca\/wp-json\/wp\/v2\/pages\/2854\/revisions\/3012"}],"wp:featuredmedia":[{"embeddable":true,"href":"https:\/\/instantproces.com\/ca\/wp-json\/wp\/v2\/media\/2083"}],"wp:attachment":[{"href":"https:\/\/instantproces.com\/ca\/wp-json\/wp\/v2\/media?parent=2854"}],"curies":[{"name":"wp","href":"https:\/\/api.w.org\/{rel}","templated":true}]}}