{"id":2519,"date":"2023-08-09T11:58:51","date_gmt":"2023-08-09T09:58:51","guid":{"rendered":"https:\/\/instantproces.com\/politica-de-privacitat\/"},"modified":"2023-11-13T11:12:58","modified_gmt":"2023-11-13T10:12:58","slug":"politica-de-privacitat","status":"publish","type":"page","link":"https:\/\/instantproces.com\/ca\/politica-de-privacitat\/","title":{"rendered":"Pol\u00edtica de privacitat"},"content":{"rendered":"\t\t<div data-elementor-type=\"wp-page\" data-elementor-id=\"2519\" class=\"elementor elementor-2519 elementor-3\" data-elementor-post-type=\"page\">\n\t\t\t\t<div class=\"elementor-element elementor-element-d5fb33e e-con-full e-flex e-con e-parent\" data-id=\"d5fb33e\" data-element_type=\"container\" data-core-v316-plus=\"true\">\n\t\t\t\t<div class=\"elementor-element elementor-element-941048c elementor-widget elementor-widget-text-editor\" data-id=\"941048c\" data-element_type=\"widget\" data-widget_type=\"text-editor.default\">\n\t\t\t\t<div class=\"elementor-widget-container\">\n\t\t\t<style>\/*! elementor - v3.20.0 - 26-03-2024 *\/\n.elementor-widget-text-editor.elementor-drop-cap-view-stacked .elementor-drop-cap{background-color:#69727d;color:#fff}.elementor-widget-text-editor.elementor-drop-cap-view-framed .elementor-drop-cap{color:#69727d;border:3px solid;background-color:transparent}.elementor-widget-text-editor:not(.elementor-drop-cap-view-default) .elementor-drop-cap{margin-top:8px}.elementor-widget-text-editor:not(.elementor-drop-cap-view-default) .elementor-drop-cap-letter{width:1em;height:1em}.elementor-widget-text-editor .elementor-drop-cap{float:left;text-align:center;line-height:1;font-size:50px}.elementor-widget-text-editor .elementor-drop-cap-letter{display:inline-block}<\/style>\t\t\t\t<p><strong>Pol\u00edtica de Privacitat<\/strong><\/p>\n<p><strong>1. Informaci\u00f3 general:<\/strong><\/p>\n<p>En Instant Proces, estem compromesos amb la privacitat i la protecci\u00f3 de les teves dades personals. Aquesta pol\u00edtica de privacitat t&#8217;informa sobre com recopilem, utilitzem i protegim les teves dades personals.<\/p>\n<p><strong>2. Dades que recopilem:<\/strong><\/p>\n<ul>\n<li>Nom: Recopilem el teu nom per a personalitzar les nostres comunicacions amb tu.<\/li>\n<li>Cognoms: Utilitzem els teus cognoms per a identificar-te de manera \u00fanica.<\/li>\n<li>Tel\u00e8fon: Necessitem el teu n\u00famero de tel\u00e8fon per a posar-nos en contacte amb tu.<\/li>\n<li>Correu electr\u00f2nic: Recopilem el teu correu electr\u00f2nic per a enviar-te informaci\u00f3 rellevant i respondre a les teves consultes.<\/li>\n<\/ul>\n<p> <\/p>\n<p><strong>3. \u00das de les teves dades personals:<\/strong><\/p>\n<p>Utilitzem les teves dades personals per als seg\u00fcents fins:<\/p>\n<ul>\n<li>Comunicaci\u00f3: Et contactem per a proporcionar-te informaci\u00f3 sobre els nostres serveis i respondre a les teves consultes.<\/li>\n<li>Personalitzaci\u00f3: Utilitzem el teu nom i cognoms per a personalitzar les nostres comunicacions amb tu.<\/li>\n<li>Seguretat: Mantenim les teves dades segures i nom\u00e9s s\u00f3n accessibles per al nostre personal autoritzat.<\/li>\n<\/ul>\n<p> <\/p>\n<p><strong>4. Consentiment:<\/strong><\/p>\n<p>En proporcionar-nos les teves dades personals, dones el teu consentiment perqu\u00e8 els utilitzem d&#8217;acord amb aquesta pol\u00edtica de privacitat.<\/p>\n<p><strong>5. Compartir les teves dades:<\/strong><\/p>\n<p>No compartim les teves dades personals amb tercers sense el teu consentiment, tret que estiguem legalment obligats a fer-ho.<\/p>\n<p><strong>6. Seguretat de les teves dades:<\/strong><\/p>\n<p>Mantenim les teves dades segures mitjan\u00e7ant mesures de seguretat t\u00e8cniques i organitzatives per a protegir-los contra p\u00e8rdua, robatori i acc\u00e9s no autoritzat.<\/p>\n<p><strong>7. Els teus drets:<\/strong><\/p>\n<p>Tens drets en relaci\u00f3 amb les teves dades personals, que inclouen:<\/p>\n<ul>\n<li>Dret d&#8217;acc\u00e9s: Pots sol\u00b7licitar-nos informaci\u00f3 sobre les dades que tenim sobre tu.<\/li>\n<li>Dret de rectificaci\u00f3: Pots corregir qualsevol error en les teves dades personals.<\/li>\n<li>Dret d&#8217;eliminaci\u00f3: Pots sol\u00b7licitar-nos que eliminem les teves dades personals.<\/li>\n<li>Dret d&#8217;oposici\u00f3: Pots oposar-te al processament de les teves dades personals.<\/li>\n<li>Dret a la portabilitat de dades: Pots sol\u00b7licitar una c\u00f2pia de les teves dades personals en un format estructurat.<\/li>\n<\/ul>\n<p>Pots exercir aquests drets enviant-nos un correu electr\u00f2nic a <a href=\"mailto:info@instantproces.com\" target=\"_new\">info@instantproces.com<\/a>.<\/p>\n<p><strong>8. Canvis en la pol\u00edtica de privacitat:<\/strong><\/p>\n<p>Ens reservem el dret de modificar aquesta pol\u00edtica de privacitat en qualsevol moment. Et recomanem revisar peri\u00f2dicament aquesta pol\u00edtica per a estar al corrent de les actualitzacions.<\/p>\t\t\t\t\t\t<\/div>\n\t\t\t\t<\/div>\n\t\t\t\t<\/div>\n\t\t\t\t<\/div>\n\t\t","protected":false},"excerpt":{"rendered":"<p>Pol\u00edtica de Privacitat 1. Informaci\u00f3 general: En Instant Proces, estem compromesos amb la privacitat i la protecci\u00f3 de les teves dades personals. Aquesta pol\u00edtica de privacitat t&#8217;informa sobre com recopilem, utilitzem i protegim les teves dades personals. 2. Dades que recopilem: Nom: Recopilem el teu nom per a personalitzar les nostres comunicacions amb tu. Cognoms: [&hellip;]<\/p>\n","protected":false},"author":1,"featured_media":0,"parent":0,"menu_order":0,"comment_status":"closed","ping_status":"open","template":"elementor_header_footer","meta":{"footnotes":""},"class_list":["post-2519","page","type-page","status-publish","hentry"],"yoast_head":"<!-- This site is optimized with the Yoast SEO plugin v22.3 - https:\/\/yoast.com\/wordpress\/plugins\/seo\/ -->\n<title>Pol\u00edtica de privacitat - instantproces.eu<\/title>\n<meta name=\"robots\" content=\"noindex, follow, max-snippet:-1, max-image-preview:large, max-video-preview:-1\" \/>\n<meta property=\"og:locale\" content=\"ca_ES\" \/>\n<meta property=\"og:type\" content=\"article\" \/>\n<meta property=\"og:title\" content=\"Pol\u00edtica de privacitat - instantproces.eu\" \/>\n<meta property=\"og:description\" content=\"Pol\u00edtica de Privacitat 1. Informaci\u00f3 general: En Instant Proces, estem compromesos amb la privacitat i la protecci\u00f3 de les teves dades personals. Aquesta pol\u00edtica de privacitat t&#8217;informa sobre com recopilem, utilitzem i protegim les teves dades personals. 2. Dades que recopilem: Nom: Recopilem el teu nom per a personalitzar les nostres comunicacions amb tu. Cognoms: [&hellip;]\" \/>\n<meta property=\"og:url\" content=\"https:\/\/instantproces.com\/ca\/politica-de-privacitat\/\" \/>\n<meta property=\"og:site_name\" content=\"instantproces.eu\" \/>\n<meta property=\"article:modified_time\" content=\"2023-11-13T10:12:58+00:00\" \/>\n<meta name=\"twitter:card\" content=\"summary_large_image\" \/>\n<meta name=\"twitter:label1\" content=\"Temps estimat de lectura\" \/>\n\t<meta name=\"twitter:data1\" content=\"2 minuts\" \/>\n<script type=\"application\/ld+json\" class=\"yoast-schema-graph\">{\"@context\":\"https:\/\/schema.org\",\"@graph\":[{\"@type\":\"WebPage\",\"@id\":\"https:\/\/instantproces.com\/ca\/politica-de-privacitat\/\",\"url\":\"https:\/\/instantproces.com\/ca\/politica-de-privacitat\/\",\"name\":\"Pol\u00edtica de privacitat - instantproces.eu\",\"isPartOf\":{\"@id\":\"https:\/\/instantproces.com\/ca\/#website\"},\"datePublished\":\"2023-08-09T09:58:51+00:00\",\"dateModified\":\"2023-11-13T10:12:58+00:00\",\"breadcrumb\":{\"@id\":\"https:\/\/instantproces.com\/ca\/politica-de-privacitat\/#breadcrumb\"},\"inLanguage\":\"ca\",\"potentialAction\":[{\"@type\":\"ReadAction\",\"target\":[\"https:\/\/instantproces.com\/ca\/politica-de-privacitat\/\"]}]},{\"@type\":\"BreadcrumbList\",\"@id\":\"https:\/\/instantproces.com\/ca\/politica-de-privacitat\/#breadcrumb\",\"itemListElement\":[{\"@type\":\"ListItem\",\"position\":1,\"name\":\"Portada\",\"item\":\"https:\/\/instantproces.com\/ca\/\"},{\"@type\":\"ListItem\",\"position\":2,\"name\":\"Pol\u00edtica de privacitat\"}]},{\"@type\":\"WebSite\",\"@id\":\"https:\/\/instantproces.com\/ca\/#website\",\"url\":\"https:\/\/instantproces.com\/ca\/\",\"name\":\"instantproces.eu\",\"description\":\"\",\"publisher\":{\"@id\":\"https:\/\/instantproces.com\/ca\/#organization\"},\"potentialAction\":[{\"@type\":\"SearchAction\",\"target\":{\"@type\":\"EntryPoint\",\"urlTemplate\":\"https:\/\/instantproces.com\/ca\/?s={search_term_string}\"},\"query-input\":\"required name=search_term_string\"}],\"inLanguage\":\"ca\"},{\"@type\":\"Organization\",\"@id\":\"https:\/\/instantproces.com\/ca\/#organization\",\"name\":\"instantproces.eu\",\"url\":\"https:\/\/instantproces.com\/ca\/\",\"logo\":{\"@type\":\"ImageObject\",\"inLanguage\":\"ca\",\"@id\":\"https:\/\/instantproces.com\/ca\/#\/schema\/logo\/image\/\",\"url\":\"https:\/\/instantproces.com\/wp-content\/uploads\/2023\/10\/logotest.png\",\"contentUrl\":\"https:\/\/instantproces.com\/wp-content\/uploads\/2023\/10\/logotest.png\",\"width\":1500,\"height\":354,\"caption\":\"instantproces.eu\"},\"image\":{\"@id\":\"https:\/\/instantproces.com\/ca\/#\/schema\/logo\/image\/\"}}]}<\/script>\n<!-- \/ Yoast SEO plugin. -->","yoast_head_json":{"title":"Pol\u00edtica de privacitat - instantproces.eu","robots":{"index":"noindex","follow":"follow","max-snippet":"max-snippet:-1","max-image-preview":"max-image-preview:large","max-video-preview":"max-video-preview:-1"},"og_locale":"ca_ES","og_type":"article","og_title":"Pol\u00edtica de privacitat - instantproces.eu","og_description":"Pol\u00edtica de Privacitat 1. Informaci\u00f3 general: En Instant Proces, estem compromesos amb la privacitat i la protecci\u00f3 de les teves dades personals. Aquesta pol\u00edtica de privacitat t&#8217;informa sobre com recopilem, utilitzem i protegim les teves dades personals. 2. Dades que recopilem: Nom: Recopilem el teu nom per a personalitzar les nostres comunicacions amb tu. Cognoms: [&hellip;]","og_url":"https:\/\/instantproces.com\/ca\/politica-de-privacitat\/","og_site_name":"instantproces.eu","article_modified_time":"2023-11-13T10:12:58+00:00","twitter_card":"summary_large_image","twitter_misc":{"Temps estimat de lectura":"2 minuts"},"schema":{"@context":"https:\/\/schema.org","@graph":[{"@type":"WebPage","@id":"https:\/\/instantproces.com\/ca\/politica-de-privacitat\/","url":"https:\/\/instantproces.com\/ca\/politica-de-privacitat\/","name":"Pol\u00edtica de privacitat - instantproces.eu","isPartOf":{"@id":"https:\/\/instantproces.com\/ca\/#website"},"datePublished":"2023-08-09T09:58:51+00:00","dateModified":"2023-11-13T10:12:58+00:00","breadcrumb":{"@id":"https:\/\/instantproces.com\/ca\/politica-de-privacitat\/#breadcrumb"},"inLanguage":"ca","potentialAction":[{"@type":"ReadAction","target":["https:\/\/instantproces.com\/ca\/politica-de-privacitat\/"]}]},{"@type":"BreadcrumbList","@id":"https:\/\/instantproces.com\/ca\/politica-de-privacitat\/#breadcrumb","itemListElement":[{"@type":"ListItem","position":1,"name":"Portada","item":"https:\/\/instantproces.com\/ca\/"},{"@type":"ListItem","position":2,"name":"Pol\u00edtica de privacitat"}]},{"@type":"WebSite","@id":"https:\/\/instantproces.com\/ca\/#website","url":"https:\/\/instantproces.com\/ca\/","name":"instantproces.eu","description":"","publisher":{"@id":"https:\/\/instantproces.com\/ca\/#organization"},"potentialAction":[{"@type":"SearchAction","target":{"@type":"EntryPoint","urlTemplate":"https:\/\/instantproces.com\/ca\/?s={search_term_string}"},"query-input":"required name=search_term_string"}],"inLanguage":"ca"},{"@type":"Organization","@id":"https:\/\/instantproces.com\/ca\/#organization","name":"instantproces.eu","url":"https:\/\/instantproces.com\/ca\/","logo":{"@type":"ImageObject","inLanguage":"ca","@id":"https:\/\/instantproces.com\/ca\/#\/schema\/logo\/image\/","url":"https:\/\/instantproces.com\/wp-content\/uploads\/2023\/10\/logotest.png","contentUrl":"https:\/\/instantproces.com\/wp-content\/uploads\/2023\/10\/logotest.png","width":1500,"height":354,"caption":"instantproces.eu"},"image":{"@id":"https:\/\/instantproces.com\/ca\/#\/schema\/logo\/image\/"}}]}},"_links":{"self":[{"href":"https:\/\/instantproces.com\/ca\/wp-json\/wp\/v2\/pages\/2519","targetHints":{"allow":["GET"]}}],"collection":[{"href":"https:\/\/instantproces.com\/ca\/wp-json\/wp\/v2\/pages"}],"about":[{"href":"https:\/\/instantproces.com\/ca\/wp-json\/wp\/v2\/types\/page"}],"author":[{"embeddable":true,"href":"https:\/\/instantproces.com\/ca\/wp-json\/wp\/v2\/users\/1"}],"replies":[{"embeddable":true,"href":"https:\/\/instantproces.com\/ca\/wp-json\/wp\/v2\/comments?post=2519"}],"version-history":[{"count":1,"href":"https:\/\/instantproces.com\/ca\/wp-json\/wp\/v2\/pages\/2519\/revisions"}],"predecessor-version":[{"id":2520,"href":"https:\/\/instantproces.com\/ca\/wp-json\/wp\/v2\/pages\/2519\/revisions\/2520"}],"wp:attachment":[{"href":"https:\/\/instantproces.com\/ca\/wp-json\/wp\/v2\/media?parent=2519"}],"curies":[{"name":"wp","href":"https:\/\/api.w.org\/{rel}","templated":true}]}}