{"id":2517,"date":"2023-11-08T16:53:24","date_gmt":"2023-11-08T15:53:24","guid":{"rendered":"https:\/\/instantproces.com\/politica-de-cookies\/"},"modified":"2023-11-13T10:36:51","modified_gmt":"2023-11-13T09:36:51","slug":"politica-de-cookies","status":"publish","type":"page","link":"https:\/\/instantproces.com\/ca\/politica-de-cookies\/","title":{"rendered":"Pol\u00edtica de cookies"},"content":{"rendered":"\t\t<div data-elementor-type=\"wp-page\" data-elementor-id=\"2517\" class=\"elementor elementor-2517 elementor-1573\" data-elementor-post-type=\"page\">\n\t\t\t\t<div class=\"elementor-element elementor-element-0f475ec e-con-full e-flex e-con e-parent\" data-id=\"0f475ec\" data-element_type=\"container\" data-core-v316-plus=\"true\">\n\t\t\t\t<div class=\"elementor-element elementor-element-6242d34 elementor-widget elementor-widget-text-editor\" data-id=\"6242d34\" data-element_type=\"widget\" data-widget_type=\"text-editor.default\">\n\t\t\t\t<div class=\"elementor-widget-container\">\n\t\t\t<style>\/*! elementor - v3.20.0 - 26-03-2024 *\/\n.elementor-widget-text-editor.elementor-drop-cap-view-stacked .elementor-drop-cap{background-color:#69727d;color:#fff}.elementor-widget-text-editor.elementor-drop-cap-view-framed .elementor-drop-cap{color:#69727d;border:3px solid;background-color:transparent}.elementor-widget-text-editor:not(.elementor-drop-cap-view-default) .elementor-drop-cap{margin-top:8px}.elementor-widget-text-editor:not(.elementor-drop-cap-view-default) .elementor-drop-cap-letter{width:1em;height:1em}.elementor-widget-text-editor .elementor-drop-cap{float:left;text-align:center;line-height:1;font-size:50px}.elementor-widget-text-editor .elementor-drop-cap-letter{display:inline-block}<\/style>\t\t\t\t<p><strong>Pol\u00edtica de cookies<\/strong><\/p>\n<p><strong>1. Informaci\u00f3 sobre cookies:<\/strong><\/p>\n<p>Les cookies s\u00f3n petits arxius de text que s&#8217;emmagatzemen en el teu dispositiu quan visites el nostre lloc web. Aquestes cookies ens permeten millorar la funcionalitat i l&#8217;experi\u00e8ncia d&#8217;usuari. En aquesta pol\u00edtica de cookies, et proporcionem informaci\u00f3 detallada sobre els tipus de cookies que utilitzem, la seva finalitat i com pots gestionar-les.<\/p>\n<p><strong>2. Tipus de cookies que utilitzem:<\/strong><\/p>\n<p><strong>Cookies essencials:<\/strong><\/p>\n<p>Aquestes cookies s\u00f3n fonamentals per al funcionament b\u00e0sic del lloc web. No emmagatzemen informaci\u00f3 personal i s\u00f3n necess\u00e0ries perqu\u00e8 el lloc web funcioni correctament.<\/p>\n<p><strong>Cookies de rendiment:<\/strong><\/p>\n<p>Utilitzem cookies de rendiment per a recopilar informaci\u00f3 sobre com els visitants utilitzen el nostre lloc web. Aix\u00f2 ens ajuda a millorar la funcionalitat del lloc, identificar \u00e0rees de millora i entendre com els usuaris interactuen amb el nostre contingut. Aquestes cookies no recopilen informaci\u00f3 que pugui identificar personalment a l&#8217;usuari.<\/p>\n<p><strong>Cookies de funcionalitat:<\/strong><\/p>\n<p>Les cookies de funcionalitat milloren la funcionalitat del lloc web i t&#8217;ofereixen una experi\u00e8ncia personalitzada. Poden recordar les teves prefer\u00e8ncies i eleccions anteriors, com l&#8217;idioma i la regi\u00f3, perqu\u00e8 no hagis de configurar-los novament en futures visites.<\/p>\n<p><strong>Cookies de tercers:<\/strong><\/p>\n<p>El nostre lloc web pot incloure contingut incrustat o enlla\u00e7os a serveis de tercers, com a xarxes socials, prove\u00efdors d&#8217;an\u00e0lisis i anunciants. Aquests tercers poden utilitzar cookies per a recopilar informaci\u00f3 sobre les teves activitats en l\u00ednia. Et recomanem revisar les pol\u00edtiques de privacitat i cookies d&#8217;aquests tercers per a comprendre com utilitzen les teves dades.<\/p>\n<p><strong>3. Finalitat de les cookies:<\/strong><\/p>\n<p>Les cookies que utilitzem tenen les seg\u00fcents finalitats:<\/p>\n<ul>\n<li>Millorar l&#8217;experi\u00e8ncia de l&#8217;usuari en recordar les teves prefer\u00e8ncies i eleccions anteriors.<\/li>\n<li>Recopilar informaci\u00f3 sobre com els usuaris interactuen amb el nostre lloc web per a millorar la seva funcionalitat i rendiment.<\/li>\n<li>Proporcionar contingut personalitzat i publicitat rellevant.<\/li>\n<li>Realitzar an\u00e0lisis estad\u00edstiques i seguiment de tend\u00e8ncies per a comprendre millor les necessitats dels nostres usuaris.<\/li>\n<\/ul>\n<p><strong>4. Com gestionar les cookies:<\/strong><\/p>\n<p>Pots gestionar les cookies a trav\u00e9s de la configuraci\u00f3 del teu navegador. A continuaci\u00f3, et proporcionem instruccions generals sobre com fer-ho:<\/p>\n<ul>\n<li><strong>Google Chrome:<\/strong> Configuraci\u00f3 &gt; Privacitat y seguretat &gt; Configuraci\u00f3 de cookies.<\/li>\n<li><strong>Mozilla Firefox:<\/strong> Opcions &gt; Privacitat i seguretat &gt; Cookies i dades del lloc.<\/li>\n<li><strong>Microsoft Edge:<\/strong> Configuraci\u00f3 &gt; Privacitat, cerca i serveis &gt; Cookies i altres dades del lloc.<\/li>\n<li><strong>Safari:<\/strong> Prefer\u00e8ncias &gt; Privacitat &gt; Gestionar dades del lloc web.<\/li>\n<\/ul>\n<p>Tingues en compte que, si desactives o rebutges cookies, algunes parts del nostre lloc web poden no funcionar correctament.<\/p>\n<p><strong>5. Acceptaci\u00f3 de cookies:<\/strong><\/p>\n<p>En utilitzar el nostre lloc web, acceptes l&#8217;\u00fas de cookies d&#8217;acord amb aquesta pol\u00edtica de cookies. Si no est\u00e0s d&#8217;acord amb l&#8217;\u00fas de cookies, et recomanem configurar el teu navegador per a rebutjar les cookies o abandonar el nostre lloc.<\/p>\n<p><strong>6. Canvis en la pol\u00edtica de cookies:<\/strong><\/p>\n<p>Ens reservem el dret de modificar aquesta pol\u00edtica de cookies en qualsevol moment. Et recomanem revisar peri\u00f2dicament aquesta pol\u00edtica per a estar al corrent de les actualitzacions.<\/p>\n<p>Recorda que aquesta pol\u00edtica de cookies est\u00e0 dissenyada per a proporcionar-te informaci\u00f3 detallada sobre com gestionem les cookies en el nostre lloc web. Si tens alguna pregunta o inquietud sobre l&#8217;\u00fas de cookies, no dubtis a contactar-nos a <a href=\"mailto:info@instantproces.com\" target=\"_new\">info@instantproces.com<\/a>.<\/p>\n\t\t\t\t\t\t<\/div>\n\t\t\t\t<\/div>\n\t\t\t\t<\/div>\n\t\t\t\t<\/div>\n\t\t","protected":false},"excerpt":{"rendered":"<p>Pol\u00edtica de cookies 1. Informaci\u00f3 sobre cookies: Les cookies s\u00f3n petits arxius de text que s&#8217;emmagatzemen en el teu dispositiu quan visites el nostre lloc web. Aquestes cookies ens permeten millorar la funcionalitat i l&#8217;experi\u00e8ncia d&#8217;usuari. En aquesta pol\u00edtica de cookies, et proporcionem informaci\u00f3 detallada sobre els tipus de cookies que utilitzem, la seva finalitat [&hellip;]<\/p>\n","protected":false},"author":2,"featured_media":0,"parent":0,"menu_order":0,"comment_status":"closed","ping_status":"closed","template":"elementor_header_footer","meta":{"footnotes":""},"class_list":["post-2517","page","type-page","status-publish","hentry"],"yoast_head":"<!-- This site is optimized with the Yoast SEO plugin v22.3 - https:\/\/yoast.com\/wordpress\/plugins\/seo\/ -->\n<title>Pol\u00edtica de cookies - instantproces.eu<\/title>\n<meta name=\"robots\" content=\"noindex, follow, max-snippet:-1, max-image-preview:large, max-video-preview:-1\" \/>\n<meta property=\"og:locale\" content=\"ca_ES\" \/>\n<meta property=\"og:type\" content=\"article\" \/>\n<meta property=\"og:title\" content=\"Pol\u00edtica de cookies - instantproces.eu\" \/>\n<meta property=\"og:description\" content=\"Pol\u00edtica de cookies 1. Informaci\u00f3 sobre cookies: Les cookies s\u00f3n petits arxius de text que s&#8217;emmagatzemen en el teu dispositiu quan visites el nostre lloc web. Aquestes cookies ens permeten millorar la funcionalitat i l&#8217;experi\u00e8ncia d&#8217;usuari. En aquesta pol\u00edtica de cookies, et proporcionem informaci\u00f3 detallada sobre els tipus de cookies que utilitzem, la seva finalitat [&hellip;]\" \/>\n<meta property=\"og:url\" content=\"https:\/\/instantproces.com\/ca\/politica-de-cookies\/\" \/>\n<meta property=\"og:site_name\" content=\"instantproces.eu\" \/>\n<meta property=\"article:modified_time\" content=\"2023-11-13T09:36:51+00:00\" \/>\n<meta name=\"twitter:card\" content=\"summary_large_image\" \/>\n<meta name=\"twitter:label1\" content=\"Temps estimat de lectura\" \/>\n\t<meta name=\"twitter:data1\" content=\"3 minuts\" \/>\n<script type=\"application\/ld+json\" class=\"yoast-schema-graph\">{\"@context\":\"https:\/\/schema.org\",\"@graph\":[{\"@type\":\"WebPage\",\"@id\":\"https:\/\/instantproces.com\/ca\/politica-de-cookies\/\",\"url\":\"https:\/\/instantproces.com\/ca\/politica-de-cookies\/\",\"name\":\"Pol\u00edtica de cookies - instantproces.eu\",\"isPartOf\":{\"@id\":\"https:\/\/instantproces.com\/ca\/#website\"},\"datePublished\":\"2023-11-08T15:53:24+00:00\",\"dateModified\":\"2023-11-13T09:36:51+00:00\",\"breadcrumb\":{\"@id\":\"https:\/\/instantproces.com\/ca\/politica-de-cookies\/#breadcrumb\"},\"inLanguage\":\"ca\",\"potentialAction\":[{\"@type\":\"ReadAction\",\"target\":[\"https:\/\/instantproces.com\/ca\/politica-de-cookies\/\"]}]},{\"@type\":\"BreadcrumbList\",\"@id\":\"https:\/\/instantproces.com\/ca\/politica-de-cookies\/#breadcrumb\",\"itemListElement\":[{\"@type\":\"ListItem\",\"position\":1,\"name\":\"Portada\",\"item\":\"https:\/\/instantproces.com\/ca\/\"},{\"@type\":\"ListItem\",\"position\":2,\"name\":\"Pol\u00edtica de cookies\"}]},{\"@type\":\"WebSite\",\"@id\":\"https:\/\/instantproces.com\/ca\/#website\",\"url\":\"https:\/\/instantproces.com\/ca\/\",\"name\":\"instantproces.eu\",\"description\":\"\",\"publisher\":{\"@id\":\"https:\/\/instantproces.com\/ca\/#organization\"},\"potentialAction\":[{\"@type\":\"SearchAction\",\"target\":{\"@type\":\"EntryPoint\",\"urlTemplate\":\"https:\/\/instantproces.com\/ca\/?s={search_term_string}\"},\"query-input\":\"required name=search_term_string\"}],\"inLanguage\":\"ca\"},{\"@type\":\"Organization\",\"@id\":\"https:\/\/instantproces.com\/ca\/#organization\",\"name\":\"instantproces.eu\",\"url\":\"https:\/\/instantproces.com\/ca\/\",\"logo\":{\"@type\":\"ImageObject\",\"inLanguage\":\"ca\",\"@id\":\"https:\/\/instantproces.com\/ca\/#\/schema\/logo\/image\/\",\"url\":\"https:\/\/instantproces.com\/wp-content\/uploads\/2023\/10\/logotest.png\",\"contentUrl\":\"https:\/\/instantproces.com\/wp-content\/uploads\/2023\/10\/logotest.png\",\"width\":1500,\"height\":354,\"caption\":\"instantproces.eu\"},\"image\":{\"@id\":\"https:\/\/instantproces.com\/ca\/#\/schema\/logo\/image\/\"}}]}<\/script>\n<!-- \/ Yoast SEO plugin. -->","yoast_head_json":{"title":"Pol\u00edtica de cookies - instantproces.eu","robots":{"index":"noindex","follow":"follow","max-snippet":"max-snippet:-1","max-image-preview":"max-image-preview:large","max-video-preview":"max-video-preview:-1"},"og_locale":"ca_ES","og_type":"article","og_title":"Pol\u00edtica de cookies - instantproces.eu","og_description":"Pol\u00edtica de cookies 1. Informaci\u00f3 sobre cookies: Les cookies s\u00f3n petits arxius de text que s&#8217;emmagatzemen en el teu dispositiu quan visites el nostre lloc web. Aquestes cookies ens permeten millorar la funcionalitat i l&#8217;experi\u00e8ncia d&#8217;usuari. En aquesta pol\u00edtica de cookies, et proporcionem informaci\u00f3 detallada sobre els tipus de cookies que utilitzem, la seva finalitat [&hellip;]","og_url":"https:\/\/instantproces.com\/ca\/politica-de-cookies\/","og_site_name":"instantproces.eu","article_modified_time":"2023-11-13T09:36:51+00:00","twitter_card":"summary_large_image","twitter_misc":{"Temps estimat de lectura":"3 minuts"},"schema":{"@context":"https:\/\/schema.org","@graph":[{"@type":"WebPage","@id":"https:\/\/instantproces.com\/ca\/politica-de-cookies\/","url":"https:\/\/instantproces.com\/ca\/politica-de-cookies\/","name":"Pol\u00edtica de cookies - instantproces.eu","isPartOf":{"@id":"https:\/\/instantproces.com\/ca\/#website"},"datePublished":"2023-11-08T15:53:24+00:00","dateModified":"2023-11-13T09:36:51+00:00","breadcrumb":{"@id":"https:\/\/instantproces.com\/ca\/politica-de-cookies\/#breadcrumb"},"inLanguage":"ca","potentialAction":[{"@type":"ReadAction","target":["https:\/\/instantproces.com\/ca\/politica-de-cookies\/"]}]},{"@type":"BreadcrumbList","@id":"https:\/\/instantproces.com\/ca\/politica-de-cookies\/#breadcrumb","itemListElement":[{"@type":"ListItem","position":1,"name":"Portada","item":"https:\/\/instantproces.com\/ca\/"},{"@type":"ListItem","position":2,"name":"Pol\u00edtica de cookies"}]},{"@type":"WebSite","@id":"https:\/\/instantproces.com\/ca\/#website","url":"https:\/\/instantproces.com\/ca\/","name":"instantproces.eu","description":"","publisher":{"@id":"https:\/\/instantproces.com\/ca\/#organization"},"potentialAction":[{"@type":"SearchAction","target":{"@type":"EntryPoint","urlTemplate":"https:\/\/instantproces.com\/ca\/?s={search_term_string}"},"query-input":"required name=search_term_string"}],"inLanguage":"ca"},{"@type":"Organization","@id":"https:\/\/instantproces.com\/ca\/#organization","name":"instantproces.eu","url":"https:\/\/instantproces.com\/ca\/","logo":{"@type":"ImageObject","inLanguage":"ca","@id":"https:\/\/instantproces.com\/ca\/#\/schema\/logo\/image\/","url":"https:\/\/instantproces.com\/wp-content\/uploads\/2023\/10\/logotest.png","contentUrl":"https:\/\/instantproces.com\/wp-content\/uploads\/2023\/10\/logotest.png","width":1500,"height":354,"caption":"instantproces.eu"},"image":{"@id":"https:\/\/instantproces.com\/ca\/#\/schema\/logo\/image\/"}}]}},"_links":{"self":[{"href":"https:\/\/instantproces.com\/ca\/wp-json\/wp\/v2\/pages\/2517","targetHints":{"allow":["GET"]}}],"collection":[{"href":"https:\/\/instantproces.com\/ca\/wp-json\/wp\/v2\/pages"}],"about":[{"href":"https:\/\/instantproces.com\/ca\/wp-json\/wp\/v2\/types\/page"}],"author":[{"embeddable":true,"href":"https:\/\/instantproces.com\/ca\/wp-json\/wp\/v2\/users\/2"}],"replies":[{"embeddable":true,"href":"https:\/\/instantproces.com\/ca\/wp-json\/wp\/v2\/comments?post=2517"}],"version-history":[{"count":1,"href":"https:\/\/instantproces.com\/ca\/wp-json\/wp\/v2\/pages\/2517\/revisions"}],"predecessor-version":[{"id":2518,"href":"https:\/\/instantproces.com\/ca\/wp-json\/wp\/v2\/pages\/2517\/revisions\/2518"}],"wp:attachment":[{"href":"https:\/\/instantproces.com\/ca\/wp-json\/wp\/v2\/media?parent=2517"}],"curies":[{"name":"wp","href":"https:\/\/api.w.org\/{rel}","templated":true}]}}