{"id":2510,"date":"2023-11-08T16:55:24","date_gmt":"2023-11-08T15:55:24","guid":{"rendered":"https:\/\/instantproces.com\/avis-legal\/"},"modified":"2023-11-13T10:27:30","modified_gmt":"2023-11-13T09:27:30","slug":"avis-legal","status":"publish","type":"page","link":"https:\/\/instantproces.com\/ca\/avis-legal\/","title":{"rendered":"Av\u00eds Legal"},"content":{"rendered":"\t\t<div data-elementor-type=\"wp-page\" data-elementor-id=\"2510\" class=\"elementor elementor-2510 elementor-1578\" data-elementor-post-type=\"page\">\n\t\t\t\t<div class=\"elementor-element elementor-element-3287620 e-con-full e-flex e-con e-parent\" data-id=\"3287620\" data-element_type=\"container\" data-core-v316-plus=\"true\">\n\t\t\t\t<div class=\"elementor-element elementor-element-f029e99 elementor-widget elementor-widget-text-editor\" data-id=\"f029e99\" data-element_type=\"widget\" data-widget_type=\"text-editor.default\">\n\t\t\t\t<div class=\"elementor-widget-container\">\n\t\t\t<style>\/*! elementor - v3.20.0 - 26-03-2024 *\/\n.elementor-widget-text-editor.elementor-drop-cap-view-stacked .elementor-drop-cap{background-color:#69727d;color:#fff}.elementor-widget-text-editor.elementor-drop-cap-view-framed .elementor-drop-cap{color:#69727d;border:3px solid;background-color:transparent}.elementor-widget-text-editor:not(.elementor-drop-cap-view-default) .elementor-drop-cap{margin-top:8px}.elementor-widget-text-editor:not(.elementor-drop-cap-view-default) .elementor-drop-cap-letter{width:1em;height:1em}.elementor-widget-text-editor .elementor-drop-cap{float:left;text-align:center;line-height:1;font-size:50px}.elementor-widget-text-editor .elementor-drop-cap-letter{display:inline-block}<\/style>\t\t\t\t<p><strong>Av\u00eds Legal<\/strong><\/p>\n<p><strong>1. Dades de l&#8217;empresa:<\/strong><\/p>\n<p>En compliment de la Llei 34\/2002, de Serveis de la Societat de la Informaci\u00f3 i Comer\u00e7 Electr\u00f2nic (LSSI-CE), t&#8217;informem que el lloc web &#8220;instantproces.com&#8221; \u00e9s propietat de Instant Proces. A continuaci\u00f3, s&#8217;estableixen els termes i condicions d&#8217;\u00fas d&#8217;aquest lloc. Si us plau, llegeixi atentament aquests termes abans d&#8217;utilitzar el lloc.<\/p>\n<ul>\n<li>Nom de l&#8217;empresa: Instant Proces S.L.<\/li>\n<li>Domicili social: Pol\u00edgon industrial Valldoriol, Carrer Alfred Nobel, 12, 08430 La Roca del Vall\u00e8s, Barcelona<\/li>\n<li>Tel\u00e8fon: +34 937 32 60 00<\/li>\n<li>Correu electr\u00f2nic: info@instantproces.com <a href=\"mailto:info@instantproces.com\" target=\"_new\"><\/a><\/li>\n<li>NIF (N\u00famero d&#8217;Identificaci\u00f3 Fiscal): [Incluir el NIF de la empresa]<\/li>\n<\/ul>\n<p><strong>2. Responsable de la gesti\u00f3 de sol\u00b7licituds i dades de contacte:<\/strong><\/p>\n<ul>\n<li>Persona Responsable: Africa Moreno Sanchez<\/li>\n<li>DNI: 38881416P<\/li>\n<li>Dades de contacte:\n<ul>\n<li>Correu electr\u00f2nic: a.moreno@instantproces.com <a class=\"c-link\" href=\"mailto:a.moreno@instantproces.com\" target=\"_blank\" rel=\"noopener noreferrer\" data-stringify-link=\"mailto:a.moreno@instantproces.com\" data-sk=\"tooltip_parent\" aria-haspopup=\"menu\"><\/a><\/li>\n<li>Tel\u00e8fon: 662160163<\/li>\n<\/ul>\n<\/li>\n<\/ul>\n<p><strong>3. Condicions d&#8217;\u00fas:<\/strong><\/p>\n<ul>\n<li>\u00das del lloc web: L&#8217;acc\u00e9s i \u00fas d&#8217;aquest lloc web es regeixen pels termes i condicions establerts en aquest av\u00eds legal.<\/li>\n<li>Propietat intel\u00b7lectual: Tots els drets de propietat intel\u00b7lectual d&#8217;aquest lloc web i dels seus continguts s\u00f3n propietat de Instant Proces.<\/li>\n<li>Responsabilitat: No ens fem responsables per la precisi\u00f3, integritat o actualitat de la informaci\u00f3 proporcionada en aquest lloc web.<\/li>\n<li>Enlla\u00e7os a tercers: Aquest lloc pot contenir enlla\u00e7os a llocs web de tercers. No ens fem responsables pel contingut d&#8217;aquests llocs.<\/li>\n<li>Llei aplicable: Aquest av\u00eds legal es regeix per la legislaci\u00f3 espanyola i europea.<\/li>\n<\/ul>\n<p><strong>4. Contacte:<\/strong><\/p>\n<p>Per a qualsevol consulta o sol\u00b7licitud relacionada amb aquest Av\u00eds Legal, pots posar-se en contacte amb nosaltres a trav\u00e9s de les seg\u00fcents dades de contacte:<\/p>\n<ul>\n<li>Persona Responsable: [Nombre del responsable de la gesti\u00f3n de solicitudes]<\/li>\n<li>DNI: [N\u00famero de DNI del responsable]<\/li>\n<li>Adre\u00e7a de correu electr\u00f2nic: [Correo electr\u00f3nico del responsable]<\/li>\n<li>Tel\u00e8fon: [N\u00famero de tel\u00e9fono del responsable]<\/li>\n<\/ul>\n<p><strong>5. Canvis en l&#8217;Av\u00eds Legal:<\/strong><\/p>\n<p>Ens reservem el dret de modificar aquest Av\u00eds Legal en qualsevol moment. Et recomanem revisar peri\u00f2dicament aquest Av\u00eds Legal per a estar al corrent de les actualitzacions.<\/p>\n\t\t\t\t\t\t<\/div>\n\t\t\t\t<\/div>\n\t\t\t\t<\/div>\n\t\t\t\t<\/div>\n\t\t","protected":false},"excerpt":{"rendered":"<p>Av\u00eds Legal 1. Dades de l&#8217;empresa: En compliment de la Llei 34\/2002, de Serveis de la Societat de la Informaci\u00f3 i Comer\u00e7 Electr\u00f2nic (LSSI-CE), t&#8217;informem que el lloc web &#8220;instantproces.com&#8221; \u00e9s propietat de Instant Proces. A continuaci\u00f3, s&#8217;estableixen els termes i condicions d&#8217;\u00fas d&#8217;aquest lloc. Si us plau, llegeixi atentament aquests termes abans d&#8217;utilitzar el [&hellip;]<\/p>\n","protected":false},"author":2,"featured_media":0,"parent":0,"menu_order":0,"comment_status":"closed","ping_status":"closed","template":"elementor_header_footer","meta":{"footnotes":""},"class_list":["post-2510","page","type-page","status-publish","hentry"],"yoast_head":"<!-- This site is optimized with the Yoast SEO plugin v22.3 - https:\/\/yoast.com\/wordpress\/plugins\/seo\/ -->\n<title>Av\u00eds Legal - instantproces.eu<\/title>\n<meta name=\"robots\" content=\"noindex, follow, max-snippet:-1, max-image-preview:large, max-video-preview:-1\" \/>\n<meta property=\"og:locale\" content=\"ca_ES\" \/>\n<meta property=\"og:type\" content=\"article\" \/>\n<meta property=\"og:title\" content=\"Av\u00eds Legal - instantproces.eu\" \/>\n<meta property=\"og:description\" content=\"Av\u00eds Legal 1. Dades de l&#8217;empresa: En compliment de la Llei 34\/2002, de Serveis de la Societat de la Informaci\u00f3 i Comer\u00e7 Electr\u00f2nic (LSSI-CE), t&#8217;informem que el lloc web &#8220;instantproces.com&#8221; \u00e9s propietat de Instant Proces. A continuaci\u00f3, s&#8217;estableixen els termes i condicions d&#8217;\u00fas d&#8217;aquest lloc. Si us plau, llegeixi atentament aquests termes abans d&#8217;utilitzar el [&hellip;]\" \/>\n<meta property=\"og:url\" content=\"https:\/\/instantproces.com\/ca\/avis-legal\/\" \/>\n<meta property=\"og:site_name\" content=\"instantproces.eu\" \/>\n<meta property=\"article:modified_time\" content=\"2023-11-13T09:27:30+00:00\" \/>\n<meta name=\"twitter:card\" content=\"summary_large_image\" \/>\n<meta name=\"twitter:label1\" content=\"Temps estimat de lectura\" \/>\n\t<meta name=\"twitter:data1\" content=\"2 minuts\" \/>\n<script type=\"application\/ld+json\" class=\"yoast-schema-graph\">{\"@context\":\"https:\/\/schema.org\",\"@graph\":[{\"@type\":\"WebPage\",\"@id\":\"https:\/\/instantproces.com\/ca\/avis-legal\/\",\"url\":\"https:\/\/instantproces.com\/ca\/avis-legal\/\",\"name\":\"Av\u00eds Legal - instantproces.eu\",\"isPartOf\":{\"@id\":\"https:\/\/instantproces.com\/ca\/#website\"},\"datePublished\":\"2023-11-08T15:55:24+00:00\",\"dateModified\":\"2023-11-13T09:27:30+00:00\",\"breadcrumb\":{\"@id\":\"https:\/\/instantproces.com\/ca\/avis-legal\/#breadcrumb\"},\"inLanguage\":\"ca\",\"potentialAction\":[{\"@type\":\"ReadAction\",\"target\":[\"https:\/\/instantproces.com\/ca\/avis-legal\/\"]}]},{\"@type\":\"BreadcrumbList\",\"@id\":\"https:\/\/instantproces.com\/ca\/avis-legal\/#breadcrumb\",\"itemListElement\":[{\"@type\":\"ListItem\",\"position\":1,\"name\":\"Portada\",\"item\":\"https:\/\/instantproces.com\/ca\/\"},{\"@type\":\"ListItem\",\"position\":2,\"name\":\"Av\u00eds Legal\"}]},{\"@type\":\"WebSite\",\"@id\":\"https:\/\/instantproces.com\/ca\/#website\",\"url\":\"https:\/\/instantproces.com\/ca\/\",\"name\":\"instantproces.eu\",\"description\":\"\",\"publisher\":{\"@id\":\"https:\/\/instantproces.com\/ca\/#organization\"},\"potentialAction\":[{\"@type\":\"SearchAction\",\"target\":{\"@type\":\"EntryPoint\",\"urlTemplate\":\"https:\/\/instantproces.com\/ca\/?s={search_term_string}\"},\"query-input\":\"required name=search_term_string\"}],\"inLanguage\":\"ca\"},{\"@type\":\"Organization\",\"@id\":\"https:\/\/instantproces.com\/ca\/#organization\",\"name\":\"instantproces.eu\",\"url\":\"https:\/\/instantproces.com\/ca\/\",\"logo\":{\"@type\":\"ImageObject\",\"inLanguage\":\"ca\",\"@id\":\"https:\/\/instantproces.com\/ca\/#\/schema\/logo\/image\/\",\"url\":\"https:\/\/instantproces.com\/wp-content\/uploads\/2023\/10\/logotest.png\",\"contentUrl\":\"https:\/\/instantproces.com\/wp-content\/uploads\/2023\/10\/logotest.png\",\"width\":1500,\"height\":354,\"caption\":\"instantproces.eu\"},\"image\":{\"@id\":\"https:\/\/instantproces.com\/ca\/#\/schema\/logo\/image\/\"}}]}<\/script>\n<!-- \/ Yoast SEO plugin. -->","yoast_head_json":{"title":"Av\u00eds Legal - instantproces.eu","robots":{"index":"noindex","follow":"follow","max-snippet":"max-snippet:-1","max-image-preview":"max-image-preview:large","max-video-preview":"max-video-preview:-1"},"og_locale":"ca_ES","og_type":"article","og_title":"Av\u00eds Legal - instantproces.eu","og_description":"Av\u00eds Legal 1. Dades de l&#8217;empresa: En compliment de la Llei 34\/2002, de Serveis de la Societat de la Informaci\u00f3 i Comer\u00e7 Electr\u00f2nic (LSSI-CE), t&#8217;informem que el lloc web &#8220;instantproces.com&#8221; \u00e9s propietat de Instant Proces. A continuaci\u00f3, s&#8217;estableixen els termes i condicions d&#8217;\u00fas d&#8217;aquest lloc. Si us plau, llegeixi atentament aquests termes abans d&#8217;utilitzar el [&hellip;]","og_url":"https:\/\/instantproces.com\/ca\/avis-legal\/","og_site_name":"instantproces.eu","article_modified_time":"2023-11-13T09:27:30+00:00","twitter_card":"summary_large_image","twitter_misc":{"Temps estimat de lectura":"2 minuts"},"schema":{"@context":"https:\/\/schema.org","@graph":[{"@type":"WebPage","@id":"https:\/\/instantproces.com\/ca\/avis-legal\/","url":"https:\/\/instantproces.com\/ca\/avis-legal\/","name":"Av\u00eds Legal - instantproces.eu","isPartOf":{"@id":"https:\/\/instantproces.com\/ca\/#website"},"datePublished":"2023-11-08T15:55:24+00:00","dateModified":"2023-11-13T09:27:30+00:00","breadcrumb":{"@id":"https:\/\/instantproces.com\/ca\/avis-legal\/#breadcrumb"},"inLanguage":"ca","potentialAction":[{"@type":"ReadAction","target":["https:\/\/instantproces.com\/ca\/avis-legal\/"]}]},{"@type":"BreadcrumbList","@id":"https:\/\/instantproces.com\/ca\/avis-legal\/#breadcrumb","itemListElement":[{"@type":"ListItem","position":1,"name":"Portada","item":"https:\/\/instantproces.com\/ca\/"},{"@type":"ListItem","position":2,"name":"Av\u00eds Legal"}]},{"@type":"WebSite","@id":"https:\/\/instantproces.com\/ca\/#website","url":"https:\/\/instantproces.com\/ca\/","name":"instantproces.eu","description":"","publisher":{"@id":"https:\/\/instantproces.com\/ca\/#organization"},"potentialAction":[{"@type":"SearchAction","target":{"@type":"EntryPoint","urlTemplate":"https:\/\/instantproces.com\/ca\/?s={search_term_string}"},"query-input":"required name=search_term_string"}],"inLanguage":"ca"},{"@type":"Organization","@id":"https:\/\/instantproces.com\/ca\/#organization","name":"instantproces.eu","url":"https:\/\/instantproces.com\/ca\/","logo":{"@type":"ImageObject","inLanguage":"ca","@id":"https:\/\/instantproces.com\/ca\/#\/schema\/logo\/image\/","url":"https:\/\/instantproces.com\/wp-content\/uploads\/2023\/10\/logotest.png","contentUrl":"https:\/\/instantproces.com\/wp-content\/uploads\/2023\/10\/logotest.png","width":1500,"height":354,"caption":"instantproces.eu"},"image":{"@id":"https:\/\/instantproces.com\/ca\/#\/schema\/logo\/image\/"}}]}},"_links":{"self":[{"href":"https:\/\/instantproces.com\/ca\/wp-json\/wp\/v2\/pages\/2510","targetHints":{"allow":["GET"]}}],"collection":[{"href":"https:\/\/instantproces.com\/ca\/wp-json\/wp\/v2\/pages"}],"about":[{"href":"https:\/\/instantproces.com\/ca\/wp-json\/wp\/v2\/types\/page"}],"author":[{"embeddable":true,"href":"https:\/\/instantproces.com\/ca\/wp-json\/wp\/v2\/users\/2"}],"replies":[{"embeddable":true,"href":"https:\/\/instantproces.com\/ca\/wp-json\/wp\/v2\/comments?post=2510"}],"version-history":[{"count":1,"href":"https:\/\/instantproces.com\/ca\/wp-json\/wp\/v2\/pages\/2510\/revisions"}],"predecessor-version":[{"id":2511,"href":"https:\/\/instantproces.com\/ca\/wp-json\/wp\/v2\/pages\/2510\/revisions\/2511"}],"wp:attachment":[{"href":"https:\/\/instantproces.com\/ca\/wp-json\/wp\/v2\/media?parent=2510"}],"curies":[{"name":"wp","href":"https:\/\/api.w.org\/{rel}","templated":true}]}}